{"id":27,"date":"2021-11-17T17:45:52","date_gmt":"2021-11-17T17:45:52","guid":{"rendered":"http:\/\/192.168.1.164\/?page_id=27"},"modified":"2023-12-04T10:37:58","modified_gmt":"2023-12-04T10:37:58","slug":"hula-tanzreise-nach-sizilien","status":"publish","type":"page","link":"https:\/\/aiyana.de\/wp\/hula-tanzreise-nach-sizilien\/","title":{"rendered":"Hula-Tanzreise nach Sizilien vom 20.4. &#8211; 27.4.2024"},"content":{"rendered":"\n<figure class=\"wp-block-image size-full\"><img loading=\"lazy\" decoding=\"async\" width=\"750\" height=\"422\" src=\"https:\/\/aiyana.de\/wp\/wp-content\/uploads\/2021\/11\/20170514_101144_HDRs.jpg\" alt=\"\" class=\"wp-image-414\" srcset=\"https:\/\/aiyana.de\/wp\/wp-content\/uploads\/2021\/11\/20170514_101144_HDRs.jpg 750w, https:\/\/aiyana.de\/wp\/wp-content\/uploads\/2021\/11\/20170514_101144_HDRs-300x169.jpg 300w\" sizes=\"auto, (max-width: 750px) 100vw, 750px\" \/><\/figure>\n\n\n\n<p>Die Tanzreisen finden j\u00e4hrlich statt. 2024 bereits zum 13. Mal.&nbsp;<\/p>\n\n\n\n<p>Ins traumhaft sch\u00f6n gelegene Hotel Kalura in Cefalu wird uns diese Reise f\u00fchren. Sehen Sie selbst:<\/p>\n\n\n\n<p><a rel=\"noreferrer noopener\" href=\"https:\/\/www.youtube.com\/watch?v=tnXvGLBAgWc\" target=\"_blank\">Hula Impressionen vergangener Tanzreisen auf Youtube<\/a><\/p>\n\n\n\n<p><a href=\"https:\/\/www.youtube.com\/watch?v=vfoTqvBCufI\" target=\"_blank\" rel=\"noreferrer noopener\">Hotelvideo auf Youtube<\/a><\/p>\n\n\n\n<p>Aiyanas einf\u00fchlsamer Unterricht wird individuell an die Gruppe angepasst, so dass sowohl Anf\u00e4nger, als auch Fortgeschrittene optimal vom Unterricht profitieren k\u00f6nnen.<\/p>\n\n\n\n<p>Gemeinsam werden wir an 5 Tagen, jeweils 2,5 Stunden, zu traumhaften S\u00fcdsee-Melodien die Grundlagen der hawaiianischen Hula-T\u00e4nze erlernen und&nbsp;vertiefen, mit weichen flie\u00dfenden Bewegungen Geschichten aus Hawaii erz\u00e4hlen und in das&nbsp;polynesische Lebensgef\u00fchl eintauchen. Sizilien bietet alles, was dazu n\u00f6tig ist: Eine Insel, Sonne, Wind, Meer und Vulkane.&nbsp;Neben Hintergrundwissen&nbsp;der T\u00e4nze&nbsp;erfahren&nbsp;Sie nebenbei auch&nbsp;viel \u00fcber die Geschichte und&nbsp;Kultur Polynesiens.&nbsp;Wie immer gibt es ein ausf\u00fchrliches Skript des Unterrichtsinhaltes.<\/p>\n\n\n\n<h2 class=\"wp-block-heading\">Impressionen der Tanzreisen<\/h2>\n\n\n<style type=\"text\/css\">\r\n\t#foogallery-gallery-165 .fg-image {\r\n        width: 150px;\r\n    }\r\n<\/style>\r\n\t\t\t\t<div class=\"foogallery foogallery-container foogallery-default foogallery-lightbox-foobox fg-gutter-10 fg-center fg-default fg-light fg-border-thin fg-shadow-outline fg-loading-default fg-loaded-fade-in fg-caption-hover fg-hover-fade fg-hover-zoom fg-ready\" id=\"foogallery-gallery-165\" data-foogallery=\"{&quot;item&quot;:{&quot;showCaptionTitle&quot;:true,&quot;showCaptionDescription&quot;:true},&quot;lazy&quot;:true}\" >\r\n\t<div class=\"fg-item fg-type-image fg-idle\"><figure class=\"fg-item-inner\"><a href=\"https:\/\/aiyana.de\/wp\/wp-content\/uploads\/2021\/11\/P1480375s.jpg\" data-attachment-id=\"430\" class=\"fg-thumb\"><span class=\"fg-image-wrap\"><img decoding=\"async\" width=\"150\" height=\"150\" class=\"skip-lazy fg-image\" data-src-fg=\"https:\/\/aiyana.de\/wp\/wp-content\/uploads\/cache\/2021\/11\/P1480375s\/1282702541.jpg\" src=\"data:image\/svg+xml,%3Csvg%20xmlns%3D%22http%3A%2F%2Fwww.w3.org%2F2000%2Fsvg%22%20width%3D%22150%22%20height%3D%22150%22%20viewBox%3D%220%200%20150%20150%22%3E%3C%2Fsvg%3E\" loading=\"eager\"><\/span><span class=\"fg-image-overlay\"><\/span><\/a><figcaption class=\"fg-caption\"><div class=\"fg-caption-inner\"><\/div><\/figcaption><\/figure><div class=\"fg-loader\"><\/div><\/div><div class=\"fg-item fg-type-image fg-idle\"><figure class=\"fg-item-inner\"><a href=\"https:\/\/aiyana.de\/wp\/wp-content\/uploads\/2021\/11\/DSC_1514s.jpg\" data-attachment-id=\"425\" class=\"fg-thumb\"><span class=\"fg-image-wrap\"><img decoding=\"async\" width=\"150\" height=\"150\" class=\"skip-lazy fg-image\" data-src-fg=\"https:\/\/aiyana.de\/wp\/wp-content\/uploads\/cache\/2021\/11\/DSC_1514s\/638191214.jpg\" src=\"data:image\/svg+xml,%3Csvg%20xmlns%3D%22http%3A%2F%2Fwww.w3.org%2F2000%2Fsvg%22%20width%3D%22150%22%20height%3D%22150%22%20viewBox%3D%220%200%20150%20150%22%3E%3C%2Fsvg%3E\" loading=\"eager\"><\/span><span class=\"fg-image-overlay\"><\/span><\/a><figcaption class=\"fg-caption\"><div class=\"fg-caption-inner\"><\/div><\/figcaption><\/figure><div class=\"fg-loader\"><\/div><\/div><div class=\"fg-item fg-type-image fg-idle\"><figure class=\"fg-item-inner\"><a href=\"https:\/\/aiyana.de\/wp\/wp-content\/uploads\/2021\/11\/IMG_0675as.jpg\" data-attachment-id=\"426\" class=\"fg-thumb\"><span class=\"fg-image-wrap\"><img decoding=\"async\" width=\"150\" height=\"150\" class=\"skip-lazy fg-image\" data-src-fg=\"https:\/\/aiyana.de\/wp\/wp-content\/uploads\/cache\/2021\/11\/IMG_0675as\/1173921610.jpg\" src=\"data:image\/svg+xml,%3Csvg%20xmlns%3D%22http%3A%2F%2Fwww.w3.org%2F2000%2Fsvg%22%20width%3D%22150%22%20height%3D%22150%22%20viewBox%3D%220%200%20150%20150%22%3E%3C%2Fsvg%3E\" loading=\"eager\"><\/span><span class=\"fg-image-overlay\"><\/span><\/a><figcaption class=\"fg-caption\"><div class=\"fg-caption-inner\"><\/div><\/figcaption><\/figure><div class=\"fg-loader\"><\/div><\/div><div class=\"fg-item fg-type-image fg-idle\"><figure class=\"fg-item-inner\"><a href=\"https:\/\/aiyana.de\/wp\/wp-content\/uploads\/2021\/11\/IMG_2218s.jpg\" data-attachment-id=\"427\" class=\"fg-thumb\"><span class=\"fg-image-wrap\"><img decoding=\"async\" width=\"150\" height=\"150\" class=\"skip-lazy fg-image\" data-src-fg=\"https:\/\/aiyana.de\/wp\/wp-content\/uploads\/cache\/2021\/11\/IMG_2218s\/3081480864.jpg\" src=\"data:image\/svg+xml,%3Csvg%20xmlns%3D%22http%3A%2F%2Fwww.w3.org%2F2000%2Fsvg%22%20width%3D%22150%22%20height%3D%22150%22%20viewBox%3D%220%200%20150%20150%22%3E%3C%2Fsvg%3E\" loading=\"eager\"><\/span><span class=\"fg-image-overlay\"><\/span><\/a><figcaption class=\"fg-caption\"><div class=\"fg-caption-inner\"><\/div><\/figcaption><\/figure><div class=\"fg-loader\"><\/div><\/div><div class=\"fg-item fg-type-image fg-idle\"><figure class=\"fg-item-inner\"><a href=\"https:\/\/aiyana.de\/wp\/wp-content\/uploads\/2021\/11\/IMG_2225s.jpg\" data-attachment-id=\"428\" class=\"fg-thumb\"><span class=\"fg-image-wrap\"><img decoding=\"async\" width=\"150\" height=\"150\" class=\"skip-lazy fg-image\" data-src-fg=\"https:\/\/aiyana.de\/wp\/wp-content\/uploads\/cache\/2021\/11\/IMG_2225s\/1287498761.jpg\" src=\"data:image\/svg+xml,%3Csvg%20xmlns%3D%22http%3A%2F%2Fwww.w3.org%2F2000%2Fsvg%22%20width%3D%22150%22%20height%3D%22150%22%20viewBox%3D%220%200%20150%20150%22%3E%3C%2Fsvg%3E\" loading=\"eager\"><\/span><span class=\"fg-image-overlay\"><\/span><\/a><figcaption class=\"fg-caption\"><div class=\"fg-caption-inner\"><\/div><\/figcaption><\/figure><div class=\"fg-loader\"><\/div><\/div><div class=\"fg-item fg-type-image fg-idle\"><figure class=\"fg-item-inner\"><a href=\"https:\/\/aiyana.de\/wp\/wp-content\/uploads\/2021\/11\/P1460620as.jpg\" data-attachment-id=\"429\" class=\"fg-thumb\"><span class=\"fg-image-wrap\"><img decoding=\"async\" width=\"150\" height=\"150\" class=\"skip-lazy fg-image\" data-src-fg=\"https:\/\/aiyana.de\/wp\/wp-content\/uploads\/cache\/2021\/11\/P1460620as\/711107962.jpg\" src=\"data:image\/svg+xml,%3Csvg%20xmlns%3D%22http%3A%2F%2Fwww.w3.org%2F2000%2Fsvg%22%20width%3D%22150%22%20height%3D%22150%22%20viewBox%3D%220%200%20150%20150%22%3E%3C%2Fsvg%3E\" loading=\"eager\"><\/span><span class=\"fg-image-overlay\"><\/span><\/a><figcaption class=\"fg-caption\"><div class=\"fg-caption-inner\"><\/div><\/figcaption><\/figure><div class=\"fg-loader\"><\/div><\/div><div class=\"fg-item fg-type-image fg-idle\"><figure class=\"fg-item-inner\"><a href=\"https:\/\/aiyana.de\/wp\/wp-content\/uploads\/2021\/11\/DSC_1450s.jpg\" data-attachment-id=\"424\" class=\"fg-thumb\"><span class=\"fg-image-wrap\"><img decoding=\"async\" width=\"150\" height=\"150\" class=\"skip-lazy fg-image\" data-src-fg=\"https:\/\/aiyana.de\/wp\/wp-content\/uploads\/cache\/2021\/11\/DSC_1450s\/374882960.jpg\" src=\"data:image\/svg+xml,%3Csvg%20xmlns%3D%22http%3A%2F%2Fwww.w3.org%2F2000%2Fsvg%22%20width%3D%22150%22%20height%3D%22150%22%20viewBox%3D%220%200%20150%20150%22%3E%3C%2Fsvg%3E\" loading=\"eager\"><\/span><span class=\"fg-image-overlay\"><\/span><\/a><figcaption class=\"fg-caption\"><div class=\"fg-caption-inner\"><\/div><\/figcaption><\/figure><div class=\"fg-loader\"><\/div><\/div><div class=\"fg-item fg-type-image fg-idle\"><figure class=\"fg-item-inner\"><a href=\"https:\/\/aiyana.de\/wp\/wp-content\/uploads\/2021\/11\/Bild12as.jpg\" data-attachment-id=\"422\" class=\"fg-thumb\"><span class=\"fg-image-wrap\"><img decoding=\"async\" width=\"150\" height=\"150\" class=\"skip-lazy fg-image\" data-src-fg=\"https:\/\/aiyana.de\/wp\/wp-content\/uploads\/cache\/2021\/11\/Bild12as\/2806105010.jpg\" src=\"data:image\/svg+xml,%3Csvg%20xmlns%3D%22http%3A%2F%2Fwww.w3.org%2F2000%2Fsvg%22%20width%3D%22150%22%20height%3D%22150%22%20viewBox%3D%220%200%20150%20150%22%3E%3C%2Fsvg%3E\" loading=\"eager\"><\/span><span class=\"fg-image-overlay\"><\/span><\/a><figcaption class=\"fg-caption\"><div class=\"fg-caption-inner\"><\/div><\/figcaption><\/figure><div class=\"fg-loader\"><\/div><\/div><div class=\"fg-item fg-type-image fg-idle\"><figure class=\"fg-item-inner\"><a href=\"https:\/\/aiyana.de\/wp\/wp-content\/uploads\/2021\/11\/Bild101s.jpg\" data-attachment-id=\"423\" class=\"fg-thumb\"><span class=\"fg-image-wrap\"><img decoding=\"async\" width=\"150\" height=\"150\" class=\"skip-lazy fg-image\" data-src-fg=\"https:\/\/aiyana.de\/wp\/wp-content\/uploads\/cache\/2021\/11\/Bild101s\/3764702.jpg\" src=\"data:image\/svg+xml,%3Csvg%20xmlns%3D%22http%3A%2F%2Fwww.w3.org%2F2000%2Fsvg%22%20width%3D%22150%22%20height%3D%22150%22%20viewBox%3D%220%200%20150%20150%22%3E%3C%2Fsvg%3E\" loading=\"eager\"><\/span><span class=\"fg-image-overlay\"><\/span><\/a><figcaption class=\"fg-caption\"><div class=\"fg-caption-inner\"><\/div><\/figcaption><\/figure><div class=\"fg-loader\"><\/div><\/div><div class=\"fg-item fg-type-image fg-idle\"><figure class=\"fg-item-inner\"><a href=\"https:\/\/aiyana.de\/wp\/wp-content\/uploads\/2021\/11\/Bild6s.jpg\" data-attachment-id=\"421\" class=\"fg-thumb\"><span class=\"fg-image-wrap\"><img decoding=\"async\" width=\"150\" height=\"150\" class=\"skip-lazy fg-image\" data-src-fg=\"https:\/\/aiyana.de\/wp\/wp-content\/uploads\/cache\/2021\/11\/Bild6s\/2816980019.jpg\" src=\"data:image\/svg+xml,%3Csvg%20xmlns%3D%22http%3A%2F%2Fwww.w3.org%2F2000%2Fsvg%22%20width%3D%22150%22%20height%3D%22150%22%20viewBox%3D%220%200%20150%20150%22%3E%3C%2Fsvg%3E\" loading=\"eager\"><\/span><span class=\"fg-image-overlay\"><\/span><\/a><figcaption class=\"fg-caption\"><div class=\"fg-caption-inner\"><\/div><\/figcaption><\/figure><div class=\"fg-loader\"><\/div><\/div><div class=\"fg-item fg-type-image fg-idle\"><figure class=\"fg-item-inner\"><a href=\"https:\/\/aiyana.de\/wp\/wp-content\/uploads\/2021\/11\/19105683_1372920126117530_1044607730396893921_n733.jpg\" data-attachment-id=\"420\" class=\"fg-thumb\"><span class=\"fg-image-wrap\"><img decoding=\"async\" width=\"150\" height=\"150\" class=\"skip-lazy fg-image\" data-src-fg=\"https:\/\/aiyana.de\/wp\/wp-content\/uploads\/cache\/2021\/11\/19105683_1372920126117530_1044607730396893921_n733\/2539678263.jpg\" src=\"data:image\/svg+xml,%3Csvg%20xmlns%3D%22http%3A%2F%2Fwww.w3.org%2F2000%2Fsvg%22%20width%3D%22150%22%20height%3D%22150%22%20viewBox%3D%220%200%20150%20150%22%3E%3C%2Fsvg%3E\" loading=\"eager\"><\/span><span class=\"fg-image-overlay\"><\/span><\/a><figcaption class=\"fg-caption\"><div class=\"fg-caption-inner\"><\/div><\/figcaption><\/figure><div class=\"fg-loader\"><\/div><\/div><div class=\"fg-item fg-type-image fg-idle\"><figure class=\"fg-item-inner\"><a href=\"https:\/\/aiyana.de\/wp\/wp-content\/uploads\/2021\/11\/18485401_1451416428215039_6679620749541106119_n733.jpg\" data-attachment-id=\"419\" class=\"fg-thumb\"><span class=\"fg-image-wrap\"><img decoding=\"async\" width=\"150\" height=\"150\" class=\"skip-lazy fg-image\" data-src-fg=\"https:\/\/aiyana.de\/wp\/wp-content\/uploads\/cache\/2021\/11\/18485401_1451416428215039_6679620749541106119_n733\/1297955064.jpg\" src=\"data:image\/svg+xml,%3Csvg%20xmlns%3D%22http%3A%2F%2Fwww.w3.org%2F2000%2Fsvg%22%20width%3D%22150%22%20height%3D%22150%22%20viewBox%3D%220%200%20150%20150%22%3E%3C%2Fsvg%3E\" loading=\"eager\"><\/span><span class=\"fg-image-overlay\"><\/span><\/a><figcaption class=\"fg-caption\"><div class=\"fg-caption-inner\"><\/div><\/figcaption><\/figure><div class=\"fg-loader\"><\/div><\/div><\/div>\r\n\n\n\n<p><a rel=\"noreferrer noopener\" href=\"https:\/\/www.facebook.com\/pg\/tanzundreisen\/photos\/?ref=page_internal\" target=\"_blank\">Fotos vieler Tanzreisen finden Sie auf meiner Facebook-Seite<\/a><\/p>\n\n\n\n<p>Vielen Dank an alle Teilnehmer meiner Tanzreisen! Ihr habt diese Reisen zu etwas Besonderem gemacht. Es war wundersch\u00f6n mit Euch!<\/p>\n\n\n\n<h2 class=\"wp-block-heading\">Kultur und Erholung:<\/h2>\n\n\n\n<p>Sie selbst entscheiden, ob bei dieser Reise neben dem Tanzen, mehr Kultur oder Erholung&nbsp; im Vordergrund stehen.<br>Sie wollen in der tanzfreien Zeit die Insel und ihre Kultur Kennenlernen? In diesem Fall steht ihnen fakultativ ein interessantes Ausflugsprogramm zur Verf\u00fcgung. Oder erkunden sie mit dem Fahrrad oder zu Fu\u00df die Umgebung. Die Stadt Cefalu ist vom Hotel aus in nur 25 Minuten zu Fu\u00df zu erreichen. Eine Wanderung auf die Rocca von Cefalu bietet unvergleichlich sch\u00f6ne Ausblicke auf die Stadt und ihre Umgebung.<br><br>Oder relaxen Sie einfach und genie\u00dfen die wundersch\u00f6ne Aussicht.<\/p>\n\n\n\n<h2 class=\"wp-block-heading\">Kosten f\u00fcr den Tanzkurs und Willkommensgetr\u00e4nk:<\/h2>\n\n\n\n<p>Der Preis f\u00fcr den Tanzunterricht betr\u00e4gt 340 \u20ac.<\/p>\n\n\n\n<ul class=\"wp-block-list\">\n<li>Stornogeb\u00fchren f\u00fcr den Tanzunterricht bis 3 Tage vor Anreise: Entfallen<\/li>\n\n\n\n<li>Bei Stornierung innerhalb der letzten 3 Tage wird ein Betrag von 100 \u20ac f\u00e4llig.<\/li>\n<\/ul>\n\n\n\n<h3 class=\"wp-block-heading\"><strong>Informationen und Anmeldung: <\/strong><\/h3>\n\n\n\n<h3 class=\"wp-block-heading\"><strong>Aiyana, Tel: 089-32120930, Email: info@aiyana.de<\/strong><\/h3>\n\n\n\n<p>Die Teilnehmer k\u00fcmmern sich selbst um die Hotel- und Flugbuchung. Zielflughafen ist Palermo. Ich bin dabei gerne behilflich.<\/p>\n\n\n\n<p>Der Transfer kann nach R\u00fccksprache mit mir organisiert werden und muss gesondert bezahlt werden.<\/p>\n\n\n\n<p><\/p>\n\n\n\n<p>Die Kosten f\u00fcr Ihre Unterbringung h\u00e4ngt ganz von Ihrer Wahl des Zimmers ab:&nbsp;<\/p>\n\n\n\n<p>\u00dcbernachtungspreise pro Nacht und Zimmer, inkl. Fr\u00fchst\u00fccksbuffet:<\/p>\n\n\n\n<ul class=\"wp-block-list\">\n<li>70 Euro Einzelzimmer ohne Meerblick<\/li>\n\n\n\n<li>85 Euro Euro Doppelzimmer zur Einzelnutzung ohne Meerblick<\/li>\n\n\n\n<li>95 Euro Doppelzimmer zur Einzelnutzung mit Meerblick<\/li>\n\n\n\n<li>130 Euro Doppelzimmer ohne Meerblick Preis f\u00fcr 2 Personen<\/li>\n\n\n\n<li>140 Euro Doppelzimmer mit Meerblick Preis f\u00fcr 2 Personen<\/li>\n<\/ul>\n\n\n\n<p><\/p>\n\n\n\n<ul class=\"wp-block-list\">\n<li>In Absprache mit mit den Teilnehmern gebe ich gerne Kontaktdaten zwecks gemeinsamer Zimmer und Reiseplanung weiter.<\/li>\n<\/ul>\n\n\n\n<p>Stornoregelungen f\u00fcr Hotel:<\/p>\n\n\n\n<ul class=\"wp-block-list\">\n<li>Stornogeb\u00fchren f\u00fcr das Hotel bis 8 Wochen vor Anreise: Entfallen<\/li>\n\n\n\n<li>Stornogeb\u00fchren f\u00fcr das Hotel bis 6 Wochen vor Anreise: 20%<\/li>\n\n\n\n<li>Stornogeb\u00fchren f\u00fcr das Hotel bis 4 Wochen vor Anreise: 50%<\/li>\n\n\n\n<li>Stornogeb\u00fchren f\u00fcr das Hotel bis 2 Wochen vor Anreise: 75%<\/li>\n<\/ul>\n\n\n\n<p>Mitreisende Familienmitglieder oder Freunde sind gerne gesehen. Diese erhalten jedoch leider nicht den erm\u00e4\u00dfigten Zimmerpreis der Kursteilnehmer.<\/p>\n\n\n\n<p><\/p>\n\n\n\n<p><strong>Hotel Kalura<\/strong><br>Via Vincenzo Cavallaro 13<br>90015 Cefal\u00f9 (PA)<br>Tel: +39 0921 421354<br>Fax: +39 0921 423122<br>P.ta IVA: 04732320827<\/p>\n\n\n\n<p>Email: info(at)hotel-kalura.com<\/p>\n\n\n\n<h2 class=\"wp-block-heading\">Teilnehmerstimmen vergangener Tanzreisen:<\/h2>\n\n\n\n<p><strong>Sabine G.<\/strong><br>Line Dance Kurs 2018<br>Ich bin begeistert. Eine tolle Erfahrung. Jeden Tag Tanz &#8211; neue T\u00e4nze einstudieren, alte T\u00e4nze wiederholen. Claudia hat uns immer professionell und sehr herzlich angeleitet. Es hat gro\u00dfen Spa\u00df gemacht. Danke f\u00fcr die sch\u00f6ne Zeit. Daumen hoch \ud83d\udc4d\ud83d\udc4d\ud83d\udc4d<\/p>\n\n\n\n<p><strong>Ingrid F.<\/strong><br>Claudia mit ihrer warmherzigen Art, ber\u00fchrte mich schon bei der ersten beruflichen Begegnung im Herzen. Die gemeinsame Freude am Hula kam dazu. In liebevoller Weise holt sie auch meine sehr gut versteckten Potentiale, mehr Hula H\u00fcftschw\u00fcnge etc., hervor. Nach dem Kurs am Abend wird freudig gefeiert, mit gutem Essen, lachen, singen. Gerne in unserem super Hotel. Aloha Mahalo!<\/p>\n\n\n\n<p><strong>Natascha K.<\/strong><br>Unterricht bei Claudia ist etwas ganz Besonderes. Hotel und Umgebung runden das Ganze zu einer wundervollen Erfahrung ab. Absolut empfehlenswert!!<\/p>\n\n\n\n<p><strong>Annette A.<\/strong><br>Ich konnte leider erst einmal an einer Hula- Tanzreise mit Claudia teilnehmen, aber die Erfahrung war wirklich rundum positiv. Das Hotel und die Umgebung sind sehr sch\u00f6n und Claudias Unterricht ist super durchstrukturiert und vorbereitet, sodass man wirklich viel lernt.<br>Ich f\u00fchlte mich sehr gut aufgehoben und geno\u00df Claudias geduldige und wertsch\u00e4tzende Anleitung. Die ausf\u00fchrlichen Unterlagen, die sie zur Verf\u00fcgung stellt, sind sehr hilfreich und auch nach der Reise steht sie f\u00fcr Fragen immer zur Verf\u00fcgung.<br>Ich kann diese Reisen sehr empfehlen und hoffe, ich kann bald noch einmal mitreisen.<\/p>\n\n\n\n<p><strong>Claudia B.<\/strong><br>Ich war 2017 mit dabei. Es war einfach nur toll! Super Location! Tolles Hotel! Superliebe Gleichgesinnte und eine klasse Lehrerin! Danke, Claudia<\/p>\n\n\n\n<p><strong>Ver\u00f3nica S.<\/strong><br>Das war ein toller Urlaub mit Hulatanz in einem tollen Hotel. Alles war perfekt organisiert und auch Cefalu, das ca. 15 min. zu Fu\u00df vom Hotel entfernt ist, ist ein sehr sch\u00f6nes St\u00e4dchen mit vielen Restaurants und kleinen Gesch\u00e4ften. Die Tanzreise kann ich sehr empfehlen!!!<\/p>\n\n\n\n<p><strong>Lissy M.<\/strong><br>Tanzreisen mit Claudia hei\u00dft Entspannung, Freude, Bewegung, Freundschaft, Sonne, traumhafte Umgebung, Urlaub, Tapetenwechsel undundund \u201esmile\u201c<\/p>\n\n\n\n<p><strong>Marion M.<\/strong><br>Die Hula-Tanzreisen mit Claudia sind immer wieder ein wundersch\u00f6nes Erlebnis, bei dem wir tolle Hulas lernen und tanzen und gleichzeitig eine traumhafte Urlaubswoche gemeinsam auf Sizilien genie\u00dfen. Ich freue mich schon auf die Reise im kommenden Jahr. Herzliche Gr\u00fc\u00dfe f\u00fcr dich liebe Claudia.<\/p>\n\n\n\n<p><strong>Gisela S.<\/strong><br>Die Tanzreise mit Claudia nach Cefalu (2016) war einfach wunderbar! Das Hotel, die Gruppe, der \u00dcbungsraum,&#8230;. alles super &#8211; w\u00fcrde gerne mal wieder hin<\/p>\n\n\n\n<p><strong>Gisela H.<\/strong><br>Es ist zwar schon ein paar Jahre her &#8211; ich war 2011 mit dabei &#8211; aber die Tanzreise mit Claudia \/ Ayana war ein unvergessliches Erlebnis mit viel Aloha, nettem St\u00e4dtchen Cefalu, gutem Hotel und sch\u00f6nen Ausfl\u00fcgen und einem kleinen, aber feinen Strand. Irgendwann komme ich wieder mit!!<\/p>\n\n\n\n<p><strong>Monika P.<\/strong><br>Tanzreisen mit Claudia sind lehrreich, lustig, herausfordernd, spannend und sehr kurzweilig. Ich kann es jedem nur empfehlen!<\/p>\n\n\n\n<p><strong>Linda P.<\/strong><br>Ich war schon zweimal dabei und es hat mir jedesmal sehr gut gefallen. Immer eine sehr nette Gruppe, viel getanzt, Sonne, Meer und sch\u00f6nes Hotel genossen.<\/p>\n","protected":false},"excerpt":{"rendered":"<p>Die Tanzreisen finden j\u00e4hrlich statt. 2024 bereits zum 13. Mal.&nbsp; Ins traumhaft sch\u00f6n gelegene Hotel Kalura in Cefalu wird uns diese Reise f\u00fchren. Sehen Sie selbst: Hula Impressionen vergangener Tanzreisen auf Youtube Hotelvideo auf Youtube Aiyanas einf\u00fchlsamer Unterricht wird individuell an die Gruppe angepasst, so dass sowohl Anf\u00e4nger, als auch Fortgeschrittene optimal vom Unterricht profitieren &hellip; <a href=\"https:\/\/aiyana.de\/wp\/hula-tanzreise-nach-sizilien\/\" class=\"more-link\"><span class=\"screen-reader-text\">Hula-Tanzreise nach Sizilien vom 20.4. &#8211; 27.4.2024<\/span> weiterlesen<\/a><\/p>\n","protected":false},"author":2,"featured_media":0,"parent":0,"menu_order":0,"comment_status":"closed","ping_status":"closed","template":"","meta":{"footnotes":""},"class_list":["post-27","page","type-page","status-publish","hentry"],"_links":{"self":[{"href":"https:\/\/aiyana.de\/wp\/wp-json\/wp\/v2\/pages\/27","targetHints":{"allow":["GET"]}}],"collection":[{"href":"https:\/\/aiyana.de\/wp\/wp-json\/wp\/v2\/pages"}],"about":[{"href":"https:\/\/aiyana.de\/wp\/wp-json\/wp\/v2\/types\/page"}],"author":[{"embeddable":true,"href":"https:\/\/aiyana.de\/wp\/wp-json\/wp\/v2\/users\/2"}],"replies":[{"embeddable":true,"href":"https:\/\/aiyana.de\/wp\/wp-json\/wp\/v2\/comments?post=27"}],"version-history":[{"count":13,"href":"https:\/\/aiyana.de\/wp\/wp-json\/wp\/v2\/pages\/27\/revisions"}],"predecessor-version":[{"id":594,"href":"https:\/\/aiyana.de\/wp\/wp-json\/wp\/v2\/pages\/27\/revisions\/594"}],"wp:attachment":[{"href":"https:\/\/aiyana.de\/wp\/wp-json\/wp\/v2\/media?parent=27"}],"curies":[{"name":"wp","href":"https:\/\/api.w.org\/{rel}","templated":true}]}}