{"id":24,"date":"2021-11-17T17:45:26","date_gmt":"2021-11-17T17:45:26","guid":{"rendered":"http:\/\/192.168.1.164\/?page_id=24"},"modified":"2022-06-07T16:22:57","modified_gmt":"2022-06-07T16:22:57","slug":"aiyana","status":"publish","type":"page","link":"https:\/\/aiyana.de\/wp\/aiyana\/","title":{"rendered":"Aiyana Uilani"},"content":{"rendered":"\t\t\t<style>\r\n                #foogallery-gallery-334.fg-justified .fg-item {\r\n                    margin-right: 2px;\r\n                    margin-bottom: 2px;\r\n                }\r\n\r\n                #foogallery-gallery-334.fg-justified .fg-image {\r\n                    height: 200px;\r\n                }\r\n\t\t\t<\/style>\r\n\t\t\t<div class=\"foogallery foogallery-container foogallery-justified foogallery-lightbox-foobox fg-justified fg-light fg-loading-default fg-loaded-fade-in fg-caption-always fg-hover-fade fg-hover-zoom2 fg-ready\" id=\"foogallery-gallery-334\" data-foogallery=\"{&quot;item&quot;:{&quot;showCaptionTitle&quot;:true,&quot;showCaptionDescription&quot;:false},&quot;lazy&quot;:true,&quot;template&quot;:{&quot;rowHeight&quot;:200,&quot;maxRowHeight&quot;:300,&quot;margins&quot;:2,&quot;align&quot;:&quot;center&quot;,&quot;lastRow&quot;:&quot;smart&quot;}}\" >\r\n\t<div class=\"fg-item fg-type-image fg-idle\"><figure class=\"fg-item-inner\"><a href=\"https:\/\/aiyana.de\/wp\/wp-content\/uploads\/2021\/11\/homepage4ganzneu.jpg\" data-attachment-id=\"360\" class=\"fg-thumb\"><span class=\"fg-image-wrap\"><img fetchpriority=\"high\" decoding=\"async\" height=\"300\" width=\"214\" class=\"skip-lazy fg-image\" data-src-fg=\"https:\/\/aiyana.de\/wp\/wp-content\/uploads\/cache\/2021\/11\/homepage4ganzneu\/2504871711.jpg\" src=\"data:image\/svg+xml,%3Csvg%20xmlns%3D%22http%3A%2F%2Fwww.w3.org%2F2000%2Fsvg%22%20width%3D%22214%22%20height%3D%22300%22%20viewBox%3D%220%200%20214%20300%22%3E%3C%2Fsvg%3E\" loading=\"eager\"><\/span><span class=\"fg-image-overlay\"><\/span><\/a><figcaption class=\"fg-caption\"><div class=\"fg-caption-inner\"><\/div><\/figcaption><\/figure><div class=\"fg-loader\"><\/div><\/div><\/div>\r\n\n\n\n<p>Immer schon interessiert an fremden Kulturen und Sprachen kam ich 1997 zum ORIENTALISCHEN TANZ und war von da an \u201einfiziert\u201c. Mit wachsender Begeisterung besuchte ich Kurse und Workshops bei namhaften Dozenten und bemerkte, wie sich mit der Zeit ein neues Selbst- und K\u00f6rperbewusstsein einstellte. Zeitgleich legte ich 1997 die Heilpraktikerpr\u00fcfung ab, vertiefte mein Wissen in einer 2-j\u00e4hrigen Ausbildung in TCM (Trad. Chin. Medizin) und arbeitete Teilzeit in einer naturheilkundlichen Praxis. Mit der Zeit fand ich immer mehr Gemeinsamkeiten zwischen meinen urspr\u00fcnglich getrennten Interessensgebieten und begann 2004 mein Wissen in den Kursen \u201eOrientalischer Tanz&#8220; und \u201eTanzen mit dem Qi\u201c weiterzugeben. Besonders wichtig dabei war mir von Anfang an Haltungsschulung, K\u00f6rpererfahrung, Tanztechnik und die Freude am Tanzen zu vermitteln.  <\/p>\n\n\n\n<p>Fasziniert von Indien und den T\u00e4nzen in den indischen Filmen entdeckte ich schlie\u00dflich meine Liebe zum BOLLYWOOD-TANZ, den ich seit 2005 unterrichte. Auf Anregung mehrerer Kursteilnehmerinnen entstand 2007 unter meiner Leitung die Bollywood-Dance-Gruppe &#8222;Masala Rangila&#8220;. Fortbildungen in indischem Filmtanz, indischer Folklore und den klassisch indischen T\u00e4nzen geh\u00f6ren daher zu meinem Pflichtprogramm, um Bollywood-Tanz authentisch vermitteln zu k\u00f6nnen.<\/p>\n\n\n\n<p>Weiterbildung im naturheilkundlichen Bereich f\u00fchrte mich schlie\u00dflich zu Huna, der hawaiianischen Lehre und so letztlich auch zum HULA-TANZ als wunderbare M\u00f6glichkeit K\u00f6rper, Geist und Seele in Einklang zu bringen. Mehrere Reisen f\u00fchrten mich nach Hawaii, um mich auch vor Ort im Hulatanz weiterbilden zu k\u00f6nnen. Meinen hawaiianischen Namen &#8222;Uilani&#8220; bekam ich von meiner Lehrerin &#8222;Lorraine Kaheamalani Daniel&#8220; in Honolulu. Der wundersch\u00f6ne Name &#8222;Ka Maluhia O Ke Kai&#8220; (Sinngem\u00e4\u00df: &#8222;Der immer flie\u00dfende Ozean des Friedens&#8220;) f\u00fcr meine Auftrittsgruppe&nbsp;stammt von meiner hawaiianischen Lehrerin Puna Dawson. Mittlerweile habe ich das Repertoire auf T\u00e4nze der gesamten S\u00fcdsee erweitert.<\/p>\n\n\n\n<p>Als neueste Leidenschaft ist jetzt noch Line Dance zu meinem Tanzrepertoire dazu gekommen.<\/p>\n\n\n\n<p>Musik und Tanz sind aus meinem Leben nicht mehr wegzudenken. Ich freue mich darauf, auch Sie daf\u00fcr zu begeistern.<\/p>\n","protected":false},"excerpt":{"rendered":"<p>Immer schon interessiert an fremden Kulturen und Sprachen kam ich 1997 zum ORIENTALISCHEN TANZ und war von da an \u201einfiziert\u201c. Mit wachsender Begeisterung besuchte ich Kurse und Workshops bei namhaften Dozenten und bemerkte, wie sich mit der Zeit ein neues Selbst- und K\u00f6rperbewusstsein einstellte. Zeitgleich legte ich 1997 die Heilpraktikerpr\u00fcfung ab, vertiefte mein Wissen in &hellip; <a href=\"https:\/\/aiyana.de\/wp\/aiyana\/\" class=\"more-link\"><span class=\"screen-reader-text\">Aiyana Uilani<\/span> weiterlesen<\/a><\/p>\n","protected":false},"author":2,"featured_media":0,"parent":0,"menu_order":0,"comment_status":"closed","ping_status":"closed","template":"","meta":{"footnotes":""},"class_list":["post-24","page","type-page","status-publish","hentry"],"_links":{"self":[{"href":"https:\/\/aiyana.de\/wp\/wp-json\/wp\/v2\/pages\/24","targetHints":{"allow":["GET"]}}],"collection":[{"href":"https:\/\/aiyana.de\/wp\/wp-json\/wp\/v2\/pages"}],"about":[{"href":"https:\/\/aiyana.de\/wp\/wp-json\/wp\/v2\/types\/page"}],"author":[{"embeddable":true,"href":"https:\/\/aiyana.de\/wp\/wp-json\/wp\/v2\/users\/2"}],"replies":[{"embeddable":true,"href":"https:\/\/aiyana.de\/wp\/wp-json\/wp\/v2\/comments?post=24"}],"version-history":[{"count":11,"href":"https:\/\/aiyana.de\/wp\/wp-json\/wp\/v2\/pages\/24\/revisions"}],"predecessor-version":[{"id":335,"href":"https:\/\/aiyana.de\/wp\/wp-json\/wp\/v2\/pages\/24\/revisions\/335"}],"wp:attachment":[{"href":"https:\/\/aiyana.de\/wp\/wp-json\/wp\/v2\/media?parent=24"}],"curies":[{"name":"wp","href":"https:\/\/api.w.org\/{rel}","templated":true}]}}